{"id":121,"date":"2020-10-03T10:36:01","date_gmt":"2020-10-03T10:36:01","guid":{"rendered":"http:\/\/umh2159.umh.es\/?page_id=121"},"modified":"2026-04-28T08:00:43","modified_gmt":"2026-04-28T08:00:43","slug":"materiales","status":"publish","type":"page","link":"https:\/\/umh2159.umh.es\/ca\/materiales\/","title":{"rendered":"Gu\u00edas y Documentos"},"content":{"rendered":"<h4>GU\u00cdAS DOCENTES<\/h4>\n<ul>\n<li><a href=\"https:\/\/www.umh.es\/contenido\/Estudios\/:asi_g_2159_N1\/datos_es.html\" target=\"_blank\" rel=\"noopener\">TFG Artes Pl\u00e1sticas (2159)<\/a><\/li>\n<li><a href=\"https:\/\/www.umh.es\/contenido\/Estudios\/:asi_g_3375_N1\/datos_es.html\" target=\"_blank\" rel=\"noopener\">TFG Artes Visuales y Dise\u00f1o (3375)<\/a><\/li>\n<\/ul>\n<h4>NORMATIVAS VIGENTES<\/h4>\n<ul>\n<li><a href=\"https:\/\/boumh.umh.es\/files\/2013\/03\/6481_NORMATIVA-TFG.pdf\" target=\"_blank\" rel=\"noopener\">Directrices general de la UMH (pdf)<\/a><\/li>\n<li>Directrices espec\u00edficas de la Facultad de BBAA:\n<ul>\n<li><a href=\"https:\/\/umh2159.umh.es\/files\/2024\/03\/Normativa-especifica-BBAA.pdf\" target=\"_blank\" rel=\"noopener\">Normativa espec\u00edfica BBAA (pdf)<\/a><\/li>\n<li><a href=\"https:\/\/umh2159.umh.es\/files\/2024\/03\/Procedimiento-de-confeccion-de-la-memoria.pdf\" target=\"_blank\" rel=\"noopener\">Procedimiento de confecci\u00f3n de la memoria (pdf)<\/a>\n<ul>\n<li>Se pueden consultar los TFG publicados en el repositorio de la Biblioteca: <a href=\"http:\/\/dspace.umh.es\/handle\/11000\/1178\" target=\"_blank\" rel=\"noopener\">RediUMH<\/a><\/li>\n<\/ul>\n<\/li>\n<li><a href=\"https:\/\/umh2159.umh.es\/files\/2024\/03\/Procedimiento-de-defensa.pdf\" target=\"_blank\" rel=\"noopener\">Procedimiento de defensa (pdf)<\/a><\/li>\n<li><a href=\"https:\/\/umh2159.umh.es\/files\/2024\/03\/Procedimiento-de-evaluacion.pdf\" target=\"_blank\" rel=\"noopener\">Procedimiento de evaluaci\u00f3n (pdf)<\/a><\/li>\n<\/ul>\n<\/li>\n<\/ul>\n<h4>GU\u00cdAS DE AYUDA APLICACI\u00d3N TFG<\/h4>\n<ul>\n<li><a href=\"http:\/\/umh2159.umh.es\/files\/2013\/06\/GU\u00cdA-DE-AYUDA-PARA-UTILIZAR-LA-APLICACI\u00d3N-TFG_Estudiante.pdf\" target=\"_blank\" rel=\"noopener\">Estudiante (pdf)<\/a><\/li>\n<li><a href=\"http:\/\/umh2159.umh.es\/files\/2013\/06\/GU\u00cdA-DE-AYUDA-PARA-UTILIZAR-LA-APLICACI\u00d3N-TFG_Fase-III_Estudiante.pdf\" target=\"_blank\" rel=\"noopener\">Fase III Estudiante (pdf)<\/a><\/li>\n<li><a href=\"http:\/\/umh2159.umh.es\/files\/2013\/06\/GU\u00cdA-DE-AYUDA-PARA-UTILIZAR-LA-APLICACI\u00d3N-TFG_Fase-III_Tutor.pdf\" target=\"_blank\" rel=\"noopener\">Fase III Tutor (pdf)<\/a><\/li>\n<\/ul>\n<h4>DOCUMENTOS<\/h4>\n<ul>\n<li>Plantillas de memoria escrita:\n<ul>\n<li><a href=\"https:\/\/umh2159.umh.es\/files\/2026\/04\/Plantilla-TFG-AAVV-val.zip\">Artes Visuales &#8211; valenciano (zip)<\/a><\/li>\n<li><a href=\"https:\/\/umh2159.umh.es\/files\/2026\/04\/Plantilla-TFG-AAVV-cast.zip\">Artes Visuales &#8211; castellano (zip)<\/a><\/li>\n<li><a href=\"https:\/\/umh2159.umh.es\/files\/2026\/04\/Plantilla-TFG-AAPP-val.zip\">Artes Pl\u00e1sticas &#8211; valenciano (zip)<\/a><\/li>\n<li><a href=\"https:\/\/umh2159.umh.es\/files\/2026\/04\/Plantilla-TFG-AAPP-cast.zip\">Artes Pl\u00e1sticas &#8211; castellano (zip)<\/a><\/li>\n<\/ul>\n<\/li>\n<li><a href=\"http:\/\/dspace.umh.es\/docs\/MODELO%20DE%20AUTORIZACI%C3%93N%20PARA%20EL%20DEP%C3%93SITO%20DE%20TRABAJOS%20ACAD%C3%89MICOS%20UMH.pdf\" target=\"_blank\" rel=\"noopener\">Modelo de autorizaci\u00f3n para el dep\u00f3sito de Trabajos Acad\u00e9micos (pdf)<\/a><\/li>\n<li><a href=\"https:\/\/editorial.umh.es\/2017\/06\/20\/portafolio-digital-para-el-grado-en-bellas-artes\/\" target=\"_blank\" rel=\"noopener\">Gu\u00eda para la elaboraci\u00f3n de memorias escritas y registro de informaci\u00f3n visual<\/a>.<\/li>\n<li><a href=\"https:\/\/normasapa.in\/citar-en-formato-apa\/\" target=\"_blank\" rel=\"noopener\">\u00bfC\u00f3mo citar con Normas APA?<\/a><\/li>\n<\/ul>\n<p>Un referente Creative Commons pueden ser los v\u00eddeos en YouTube-UMH realizados en un proyecto de Innovaci\u00f3n docente liderados por el profesor Ram\u00f3n Peral: <a href=\"https:\/\/www.youtube.com\/playlist?list=PLClKgnzRFYe7Z7M5mMTNVmExUfkyFd0JF\" target=\"_blank\" rel=\"noopener\">GU\u00cdA DID\u00c1CTICA PARA EL DESARROLLO DE PFC<\/a><\/p>\n","protected":false},"excerpt":{"rendered":"<p>GU\u00cdAS DOCENTES TFG Artes Pl\u00e1sticas (2159) TFG Artes Visuales y Dise\u00f1o (3375) NORMATIVAS VIGENTES Directrices general de la UMH (pdf) Directrices espec\u00edficas de la Facultad de BBAA: Normativa espec\u00edfica BBAA (pdf) Procedimiento de confecci\u00f3n de la memoria (pdf) Se pueden consultar los TFG publicados en el repositorio de la Biblioteca: RediUMH Procedimiento de defensa (pdf) [&hellip;]<\/p>\n","protected":false},"author":3158,"featured_media":0,"parent":0,"menu_order":30,"comment_status":"closed","ping_status":"closed","template":"","meta":{"_links_to":"","_links_to_target":""},"_links":{"self":[{"href":"https:\/\/umh2159.umh.es\/ca\/wp-json\/wp\/v2\/pages\/121"}],"collection":[{"href":"https:\/\/umh2159.umh.es\/ca\/wp-json\/wp\/v2\/pages"}],"about":[{"href":"https:\/\/umh2159.umh.es\/ca\/wp-json\/wp\/v2\/types\/page"}],"author":[{"embeddable":true,"href":"https:\/\/umh2159.umh.es\/ca\/wp-json\/wp\/v2\/users\/3158"}],"replies":[{"embeddable":true,"href":"https:\/\/umh2159.umh.es\/ca\/wp-json\/wp\/v2\/comments?post=121"}],"version-history":[{"count":0,"href":"https:\/\/umh2159.umh.es\/ca\/wp-json\/wp\/v2\/pages\/121\/revisions"}],"wp:attachment":[{"href":"https:\/\/umh2159.umh.es\/ca\/wp-json\/wp\/v2\/media?parent=121"}],"curies":[{"name":"wp","href":"https:\/\/api.w.org\/{rel}","templated":true}]}}