{"id":1257,"date":"2024-03-13T07:31:27","date_gmt":"2024-03-13T07:31:27","guid":{"rendered":"https:\/\/umh2159.umh.es\/?page_id=1257"},"modified":"2024-03-20T07:47:57","modified_gmt":"2024-03-20T07:47:57","slug":"concepto-proceso-y-tecnica-en-la-escultura","status":"publish","type":"page","link":"https:\/\/umh2159.umh.es\/ca\/oferta-y-asignacion\/concepto-proceso-y-tecnica-en-la-escultura\/","title":{"rendered":"CONCEPTO, PROCESO Y T\u00c9CNICA EN LA ESCULTURA"},"content":{"rendered":"<h4>BIBIANA S\u00c1NCHEZ ARENAS<\/h4>\n<p><span style=\"font-weight: 400\">Partiendo de la preproducci\u00f3n, producci\u00f3n y postproducci\u00f3n, y desde el campo expandido de la escultura nos adentramos en la multidisciplinariedad de t\u00e9cnicas y materiales para abordar la investigaci\u00f3n art\u00edstica, atendiendo con especial atenci\u00f3n al cuerpo como material pl\u00e1stico, el espacio para su intervenci\u00f3n mediante la instalaci\u00f3n art\u00edstica y la cer\u00e1mica como material escult\u00f3rico.\u00a0<\/span><\/p>\n<h4>ELISA LOZANO CHIARLONES<\/h4>\n<p>Aplicaci\u00f3n de conceptos derivados de los procesos simb\u00f3licos y de significaci\u00f3n del objeto, la materia y el espacio, as\u00ed como aquellos m\u00e9todos y procesos art\u00edsticos m\u00e1s adecuados para proyectar, realizar y gestionar un proyecto escult\u00f3rico. Se trabajar\u00e1 con materiales y t\u00e9cnicas escult\u00f3ricas y su relaci\u00f3n con otras disciplinas.<\/p>\n<h4>DANIEL TEJERO OLIVARES<\/h4>\n<p><span style=\"font-weight: 400\">BDSM y arte. Investigaciones interdisciplinarias centradas en la relaci\u00f3n entre arte, g\u00e9nero, sexualidad y placer. Pr\u00e1cticas culturales e imaginarios visuales: pol\u00edticas activistas, estridencias y disidencias.\u00a0<\/span><span style=\"font-weight: 400\">Pr\u00e1cticas art\u00edsticas y contextos sociales. Nuevos procedimientos escult\u00f3ricos.<\/span><\/p>\n<h4>IMMA MENGUAL P\u00c9REZ<\/h4>\n<p>CREACI\u00d3N ESCULT\u00d3RICA IN\u00c9DITA O AZAROSA. Proyectos escult\u00f3ricos de car\u00e1cter in\u00e9dito o azaroso en los que se aplican procesos simb\u00f3licos y de significaci\u00f3n del objeto, la materia y el espacio, as\u00ed como aquellos m\u00e9todos y procedimientos art\u00edsticos m\u00e1s adecuados.<\/p>\n<h4>JAVIER MORENO PEREZ<\/h4>\n<p>Espiritualidades y pr\u00e1cticas art\u00edsticas. An\u00e1lisis y revisi\u00f3n de pr\u00e1cticas art\u00edsticas en torno a diferentes manifestaciones espirituales. Creaci\u00f3n art\u00edstica en diferentes disciplinas y mediaci\u00f3n art\u00edstica a partir de metodolog\u00edas propias de las espiritualidades (brujer\u00eda, magia, ritual, t\u00e9cnicas del \u00e9xtasis, etnobot\u00e1nica, meditaci\u00f3n, etc.). Espiritualidades y pr\u00e1cticas art\u00edsticas disidentes a partir de discursos feministas, cuir\/queer, decoloniales y ecologistas. Creaci\u00f3n de or\u00e1culos y mazos de tarot.<\/p>\n<h4>JUAN FRANCISCO MART\u00cdNEZ G\u00d3MEZ DE ALBACETE<\/h4>\n<p><span style=\"font-weight: 400\">Aplicaciones de conceptos derivados de los procesos simb\u00f3licos y de significaci\u00f3n del objeto, la materia y el espacio, as\u00ed como aquellos m\u00e9todos y procesos art\u00edsticos m\u00e1s adecuados para proyectar, realizar y gestionar un proyecto escult\u00f3rico. Se trabajar\u00e1 con materiales y t\u00e9cnicas escult\u00f3ricas y su relaci\u00f3n con otras disciplinas. Pr\u00e1ctica contempor\u00e1nea centrada en la sustracci\u00f3n, adici\u00f3n, construcci\u00f3n y reproducci\u00f3n, con especial dedicaci\u00f3n hacia los procesos de moldeado y vaciado art\u00edstico.<\/span><\/p>\n<h4>LOURDES SANTAMAR\u00cdA BLASCO<\/h4>\n<p>Aplicaci\u00f3n de conceptos derivados de los procesos simb\u00f3licos y de significaci\u00f3n del objeto, la materia y el espacio, as\u00ed como aquellos m\u00e9todos y procesos art\u00edsticos m\u00e1s adecuados para proyectar, realizar y gestionar un proyecto escult\u00f3rico. Se trabajar\u00e1 con materiales y t\u00e9cnicas escult\u00f3ricas y su relaci\u00f3n con otras disciplinas.<\/p>\n<h4>MAR\u00cdA TINOCO SU\u00c1REZ<\/h4>\n<p>Investigaciones orientadas a la generaci\u00f3n de teor\u00eda o a la aplicaci\u00f3n de la misma hacia la postproducci\u00f3n y profesionalizaci\u00f3n art\u00edstica. Se trabajar\u00e1n enfoques propios del proyecto en arte, la gesti\u00f3n cultural, el mercado del arte y el coleccionismo, con especial dedicaci\u00f3n al comisariado y al dise\u00f1o del espacio expositivo, tanto de car\u00e1cter escult\u00f3rico (instalaciones) como multidisciplinar, o en su medio de catalogaci\u00f3n y\/o difusi\u00f3n (cat\u00e1logos, publicaciones, fanzines, etc.).<\/p>\n","protected":false},"excerpt":{"rendered":"<p>BIBIANA S\u00c1NCHEZ ARENAS Partiendo de la preproducci\u00f3n, producci\u00f3n y postproducci\u00f3n, y desde el campo expandido de la escultura nos adentramos en la multidisciplinariedad de t\u00e9cnicas y materiales para abordar la investigaci\u00f3n art\u00edstica, atendiendo con especial atenci\u00f3n al cuerpo como material pl\u00e1stico, el espacio para su intervenci\u00f3n mediante la instalaci\u00f3n art\u00edstica y la cer\u00e1mica como material [&hellip;]<\/p>\n","protected":false},"author":5222,"featured_media":0,"parent":94,"menu_order":3,"comment_status":"closed","ping_status":"closed","template":"","meta":{"_links_to":"","_links_to_target":""},"_links":{"self":[{"href":"https:\/\/umh2159.umh.es\/ca\/wp-json\/wp\/v2\/pages\/1257"}],"collection":[{"href":"https:\/\/umh2159.umh.es\/ca\/wp-json\/wp\/v2\/pages"}],"about":[{"href":"https:\/\/umh2159.umh.es\/ca\/wp-json\/wp\/v2\/types\/page"}],"author":[{"embeddable":true,"href":"https:\/\/umh2159.umh.es\/ca\/wp-json\/wp\/v2\/users\/5222"}],"replies":[{"embeddable":true,"href":"https:\/\/umh2159.umh.es\/ca\/wp-json\/wp\/v2\/comments?post=1257"}],"version-history":[{"count":0,"href":"https:\/\/umh2159.umh.es\/ca\/wp-json\/wp\/v2\/pages\/1257\/revisions"}],"up":[{"embeddable":true,"href":"https:\/\/umh2159.umh.es\/ca\/wp-json\/wp\/v2\/pages\/94"}],"wp:attachment":[{"href":"https:\/\/umh2159.umh.es\/ca\/wp-json\/wp\/v2\/media?parent=1257"}],"curies":[{"name":"wp","href":"https:\/\/api.w.org\/{rel}","templated":true}]}}