{"id":1300,"date":"2024-03-13T13:19:32","date_gmt":"2024-03-13T13:19:32","guid":{"rendered":"https:\/\/umh2159.umh.es\/?page_id=1300"},"modified":"2024-03-13T13:19:32","modified_gmt":"2024-03-13T13:19:32","slug":"imagen-diseno-y-comunicacion","status":"publish","type":"page","link":"https:\/\/umh2159.umh.es\/ca\/oferta-y-asignacion\/imagen-diseno-y-comunicacion\/","title":{"rendered":"IMAGEN, DISE\u00d1O Y COMUNICACI\u00d3N"},"content":{"rendered":"<h4>ADRI\u00c1N MANTILLA POUSA<\/h4>\n<p>Narratolog\u00eda emergente en los videojuegos. Estudio y desarrollo de las narrativas emergentes dentro del marco de los videojuegos, creando un caso de estudio donde el alumno deber\u00e1, mediante<br \/>\nla creaci\u00f3n de un modelo, experimentar con la procesualidad de los eventos.<\/p>\n<p>Desarrollo conceptual del proceso de creaci\u00f3n de un videojuego. Desarrollar procesos viables para el desarrollo de un videojuego mediante la creaci\u00f3n de un desarrollo conceptual de la propuesta en los marcos t\u00e9cnicos y art\u00edsticos contempor\u00e1neos.<\/p>\n<p>Serious games prosociales. Estudio y desarrollo de los serious games prosociales, creando un caso de estudio donde el alumno deber\u00e1, mediante la creaci\u00f3n de un modelo experimentar con la narrativa y\/o mec\u00e1nicas para generar una propuesta prosocial.<\/p>\n<h4>FRANCISCO JULI\u00c1N MART\u00cdNEZ CANO<\/h4>\n<p>CONVERGENCIA TECNOL\u00d3GICA AUDIOVISUAL. Desarrollo de proyectos audiovisuales en el contexto de la convergencia tecnol\u00f3gica. Proyectos audiovisuales transmedia y nuevas estrategias de storytelling. Temas relacionados con las tecnolog\u00edas audiovisuales y las nuevas narrativas, formatos inmersivos, interactivos y videojuegos.<\/p>\n<h4>LEONIDAS SPINELLI CAPEL<\/h4>\n<p>Fotograf\u00eda Contempor\u00e1nea. Arte, documental, Direcci\u00f3n de fotograf\u00eda en cine y publicidad. El tema abarca todos los aspectos relacionados con la fotograf\u00eda en los distintos \u00e1mbitos de desarrollo &#8211; T\u00e9cnica fotogr\u00e1fica &#8211; Ensayo fotogr\u00e1fico &#8211; Fotoperiodismo y fotograf\u00eda documental &#8211; Arte y fotograf\u00eda &#8211; Moda &#8211; Direcci\u00f3n de fotograf\u00eda &#8211; Publicidad.<\/p>\n<p>Cultura Visual. Procesos de relaci\u00f3n e investigaci\u00f3n en el campo visual y audiovisual El tema aborda los diferentes campos de desarrollo, producci\u00f3n e investigaci\u00f3n en el campo de la cultura y su<br \/>\nrelaci\u00f3n con los diferentes medios visuales y audiovisual como pueden ser: Cine y Tv- Fotograf\u00eda &#8211; Publicidad &#8211; Dise\u00f1o &#8211; Arte.<\/p>\n<h4>ROC\u00cdO CIFUENTES ALBEZA<\/h4>\n<p>COMUNICACI\u00d3N AUDIOVISUAL Y DISE\u00d1O DE IDENTIDAD VISUAL PARA EL CAMBIO SOCIAL. La l\u00ednea de investigaci\u00f3n se desdobla en dos \u00e1mbitos afines y complementarios: por un lado se centra en el an\u00e1lisis y creaci\u00f3n de pr\u00e1cticas de comunicaci\u00f3n audiovisual de car\u00e1cter prosocial frente a la diversidad y la inclusi\u00f3n social, y por otro, en la creaci\u00f3n de identidad visual de organizaciones sin \u00e1nimo de lucro que persiguen una transformaci\u00f3n social a trav\u00e9s de estrategias discursivas que promueven el cambio social en t\u00e9rminos de aprendizaje, empat\u00eda y sensibilizaci\u00f3n.<\/p>\n","protected":false},"excerpt":{"rendered":"<p>ADRI\u00c1N MANTILLA POUSA Narratolog\u00eda emergente en los videojuegos. Estudio y desarrollo de las narrativas emergentes dentro del marco de los videojuegos, creando un caso de estudio donde el alumno deber\u00e1, mediante la creaci\u00f3n de un modelo, experimentar con la procesualidad de los eventos. Desarrollo conceptual del proceso de creaci\u00f3n de un videojuego. Desarrollar procesos viables [&hellip;]<\/p>\n","protected":false},"author":5222,"featured_media":0,"parent":94,"menu_order":7,"comment_status":"closed","ping_status":"closed","template":"","meta":{"_links_to":"","_links_to_target":""},"_links":{"self":[{"href":"https:\/\/umh2159.umh.es\/ca\/wp-json\/wp\/v2\/pages\/1300"}],"collection":[{"href":"https:\/\/umh2159.umh.es\/ca\/wp-json\/wp\/v2\/pages"}],"about":[{"href":"https:\/\/umh2159.umh.es\/ca\/wp-json\/wp\/v2\/types\/page"}],"author":[{"embeddable":true,"href":"https:\/\/umh2159.umh.es\/ca\/wp-json\/wp\/v2\/users\/5222"}],"replies":[{"embeddable":true,"href":"https:\/\/umh2159.umh.es\/ca\/wp-json\/wp\/v2\/comments?post=1300"}],"version-history":[{"count":0,"href":"https:\/\/umh2159.umh.es\/ca\/wp-json\/wp\/v2\/pages\/1300\/revisions"}],"up":[{"embeddable":true,"href":"https:\/\/umh2159.umh.es\/ca\/wp-json\/wp\/v2\/pages\/94"}],"wp:attachment":[{"href":"https:\/\/umh2159.umh.es\/ca\/wp-json\/wp\/v2\/media?parent=1300"}],"curies":[{"name":"wp","href":"https:\/\/api.w.org\/{rel}","templated":true}]}}