{"id":94,"date":"2013-02-08T12:22:43","date_gmt":"2013-02-08T12:22:43","guid":{"rendered":"http:\/\/umh0845.edu.umh.es\/?page_id=94"},"modified":"2024-03-13T13:21:01","modified_gmt":"2024-03-13T13:21:01","slug":"oferta-y-asignacion","status":"publish","type":"page","link":"https:\/\/umh2159.umh.es\/ca\/oferta-y-asignacion\/","title":{"rendered":"L\u00cdNEAS DE TFG"},"content":{"rendered":"<p>L\u00cdNEA 1 &#8211; <a href=\"https:\/\/umh2159.umh.es\/oferta-y-asignacion\/concepto-proceso-y-tecnica-en-la-pintura\/\" target=\"_blank\" rel=\"noopener\">CONCEPTO, PROCESO Y T\u00c9CNICA EN LA PINTURA<\/a><\/p>\n<p>L\u00cdNEA 2 &#8211;\u00a0<a href=\"https:\/\/umh2159.umh.es\/oferta-y-asignacion\/imagen-pintura-y-nuevos-medios-2\/\" target=\"_blank\" rel=\"noopener\">IMAGEN, PINTURA Y NUEVOS MEDIOS<\/a><\/p>\n<p>L\u00cdNEA 3 &#8211; <a href=\"https:\/\/umh2159.umh.es\/oferta-y-asignacion\/concepto-proceso-y-tecnica-en-la-escultura\/\" target=\"_blank\" rel=\"noopener\">CONCEPTO, PROCESO Y T\u00c9CNICA EN LA ESCULTURA<\/a><\/p>\n<p>L\u00cdNEA 4 &#8211; <a href=\"https:\/\/umh2159.umh.es\/oferta-y-asignacion\/imagen-pintura-y-nuevos-medios\/\" target=\"_blank\" rel=\"noopener\">IMAGEN, ESCULTURA Y NUEVOS MEDIOS<\/a><\/p>\n<p>L\u00cdNEA 5 &#8211; <a href=\"https:\/\/umh2159.umh.es\/oferta-y-asignacion\/concepto-proceso-y-tecnica-en-el-dibujo-en-el-grabado-y-en-la-fotografia\/\" target=\"_blank\" rel=\"noopener\">CONCEPTO, PROCESO Y T\u00c9CNICA EN EL DIBUJO, EN EL GRABADO Y EN LA FOTOGRAF\u00cdA<\/a><\/p>\n<p>L\u00cdNEA 6 &#8211; <a href=\"https:\/\/umh2159.umh.es\/oferta-y-asignacion\/dibujo-diseno-de-comunicacion-y-audiovisual-y-nuevos-medios\/\" target=\"_blank\" rel=\"noopener\">DIBUJO, DISE\u00d1O DE COMUNICACI\u00d3N Y AUDIOVISUAL, Y NUEVOS MEDIOS<\/a><\/p>\n<p>L\u00cdNEA 7 &#8211; <a href=\"https:\/\/umh2159.umh.es\/oferta-y-asignacion\/imagen-diseno-y-comunicacion\/\" target=\"_blank\" rel=\"noopener\">IMAGEN, DISE\u00d1O Y COMUNICACI\u00d3N<\/a><\/p>\n<p>L\u00cdNEA 8 &#8211; HISTORIA, TEOR\u00cdA, EST\u00c9TICA Y DISCURSO ACTUAL DEL ARTE<\/p>\n","protected":false},"excerpt":{"rendered":"<p>L\u00cdNEA 1 &#8211; CONCEPTO, PROCESO Y T\u00c9CNICA EN LA PINTURA L\u00cdNEA 2 &#8211;\u00a0IMAGEN, PINTURA Y NUEVOS MEDIOS L\u00cdNEA 3 &#8211; CONCEPTO, PROCESO Y T\u00c9CNICA EN LA ESCULTURA L\u00cdNEA 4 &#8211; IMAGEN, ESCULTURA Y NUEVOS MEDIOS L\u00cdNEA 5 &#8211; CONCEPTO, PROCESO Y T\u00c9CNICA EN EL DIBUJO, EN EL GRABADO Y EN LA FOTOGRAF\u00cdA L\u00cdNEA 6 &#8211; [&hellip;]<\/p>\n","protected":false},"author":3158,"featured_media":0,"parent":0,"menu_order":60,"comment_status":"closed","ping_status":"closed","template":"","meta":{"_links_to":"","_links_to_target":""},"_links":{"self":[{"href":"https:\/\/umh2159.umh.es\/ca\/wp-json\/wp\/v2\/pages\/94"}],"collection":[{"href":"https:\/\/umh2159.umh.es\/ca\/wp-json\/wp\/v2\/pages"}],"about":[{"href":"https:\/\/umh2159.umh.es\/ca\/wp-json\/wp\/v2\/types\/page"}],"author":[{"embeddable":true,"href":"https:\/\/umh2159.umh.es\/ca\/wp-json\/wp\/v2\/users\/3158"}],"replies":[{"embeddable":true,"href":"https:\/\/umh2159.umh.es\/ca\/wp-json\/wp\/v2\/comments?post=94"}],"version-history":[{"count":0,"href":"https:\/\/umh2159.umh.es\/ca\/wp-json\/wp\/v2\/pages\/94\/revisions"}],"wp:attachment":[{"href":"https:\/\/umh2159.umh.es\/ca\/wp-json\/wp\/v2\/media?parent=94"}],"curies":[{"name":"wp","href":"https:\/\/api.w.org\/{rel}","templated":true}]}}