{"id":1260,"date":"2024-03-13T07:42:37","date_gmt":"2024-03-13T07:42:37","guid":{"rendered":"https:\/\/umh2159.umh.es\/?page_id=1260"},"modified":"2024-03-20T07:46:28","modified_gmt":"2024-03-20T07:46:28","slug":"imagen-pintura-y-nuevos-medios","status":"publish","type":"page","link":"https:\/\/umh2159.umh.es\/en\/oferta-y-asignacion\/imagen-pintura-y-nuevos-medios\/","title":{"rendered":"IMAGEN, ESCULTURA Y NUEVOS MEDIOS"},"content":{"rendered":"<h4>BIBIANA S\u00c1NCHEZ ARENAS<\/h4>\n<p>Desde la bidimensionalidad de la imagen a la tridimensionalidad escult\u00f3rica en la que la fotograf\u00eda (transfer, cianotipia&#8230;), nuevos medios y otras t\u00e9cnicas bidimensionales se relacionan de manera interdisciplinar con el proceso de creaci\u00f3n en el \u00e1mbito expansivo de la escultura.<\/p>\n<h4>IMMA MENGUAL P\u00c9REZ<\/h4>\n<p>DISE\u00d1O GR\u00c1FICO APLICADO COMO HERRAMIENTA DE PROFESIONALIZACI\u00d3N. Proyectos de dise\u00f1o gr\u00e1fico generados a partir del an\u00e1lisis, investigaci\u00f3n, desarrollo e implementaci\u00f3n de estrategias y t\u00e9cnicas aplicadas al dise\u00f1o editorial, branding, etc.<\/p>\n<h4>JAVIER MORENO P\u00c9REZ<\/h4>\n<p>Desarrollo del concepto en disciplinas diversas, us\u00e1ndose de modo renovado los procedimientos, t\u00e9cnicas y materiales tradicionales y actuales. Experimentaci\u00f3n e investigaci\u00f3n de los principios y dispositivos del \u00e1mbito de la fotograf\u00eda, el audiovisual, el sonido y la inform\u00e1tica para realizar un proyecto. Intervenci\u00f3n art\u00edstica, hipertexto y performance. Arte cr\u00edtico y contextos sociales; sexo, g\u00e9nero y sexualidad en la creaci\u00f3n art\u00edstica.<\/p>\n<h4>LOURDES SANTAMAR\u00cdA BLASCO<\/h4>\n<p>Desarrollo del concepto en disciplinas diversas, us\u00e1ndose de modo renovado los procedimientos, t\u00e9cnicas y materiales tradicionales y actuales. Experimentaci\u00f3n e investigaci\u00f3n de los principios y dispositivos del \u00e1mbito de la fotograf\u00eda, el audiovisual, el sonido y la inform\u00e1tica para realizar un proyecto.<\/p>\n","protected":false},"excerpt":{"rendered":"<p>BIBIANA S\u00c1NCHEZ ARENAS Desde la bidimensionalidad de la imagen a la tridimensionalidad escult\u00f3rica en la que la fotograf\u00eda (transfer, cianotipia&#8230;), nuevos medios y otras t\u00e9cnicas bidimensionales se relacionan de manera interdisciplinar con el proceso de creaci\u00f3n en el \u00e1mbito expansivo de la escultura. IMMA MENGUAL P\u00c9REZ DISE\u00d1O GR\u00c1FICO APLICADO COMO HERRAMIENTA DE PROFESIONALIZACI\u00d3N. Proyectos de [&hellip;]<\/p>\n","protected":false},"author":5222,"featured_media":0,"parent":94,"menu_order":4,"comment_status":"closed","ping_status":"closed","template":"","meta":{"_links_to":"","_links_to_target":""},"_links":{"self":[{"href":"https:\/\/umh2159.umh.es\/en\/wp-json\/wp\/v2\/pages\/1260"}],"collection":[{"href":"https:\/\/umh2159.umh.es\/en\/wp-json\/wp\/v2\/pages"}],"about":[{"href":"https:\/\/umh2159.umh.es\/en\/wp-json\/wp\/v2\/types\/page"}],"author":[{"embeddable":true,"href":"https:\/\/umh2159.umh.es\/en\/wp-json\/wp\/v2\/users\/5222"}],"replies":[{"embeddable":true,"href":"https:\/\/umh2159.umh.es\/en\/wp-json\/wp\/v2\/comments?post=1260"}],"version-history":[{"count":0,"href":"https:\/\/umh2159.umh.es\/en\/wp-json\/wp\/v2\/pages\/1260\/revisions"}],"up":[{"embeddable":true,"href":"https:\/\/umh2159.umh.es\/en\/wp-json\/wp\/v2\/pages\/94"}],"wp:attachment":[{"href":"https:\/\/umh2159.umh.es\/en\/wp-json\/wp\/v2\/media?parent=1260"}],"curies":[{"name":"wp","href":"https:\/\/api.w.org\/{rel}","templated":true}]}}